{"id":255,"date":"2014-08-21T14:40:45","date_gmt":"2014-08-21T12:40:45","guid":{"rendered":"http:\/\/www.bonneteries.be\/?page_id=255"},"modified":"2016-03-07T15:29:00","modified_gmt":"2016-03-07T13:29:00","slug":"la-salle-de-reception","status":"publish","type":"page","link":"https:\/\/www.bonneteries.be\/fr\/la-salle-de-reception\/","title":{"rendered":"La salle de r\u00e9ception"},"content":{"rendered":"<div class=\"gallery gallery-255-1\"><div class=\"row gallery-row\"><div class=\"col-sm-3 col-lg-3\"><a class=\"thumbnail img-thumbnail rl-gallery-link\"  href='https:\/\/www.bonneteries.be\/wp-content\/uploads\/2016\/02\/Les-Bonneteries-061.jpg' title=\"\" data-rl_title=\"\" data-rl_caption=\"\" data-rel=\"lightbox-gallery-1\"><img width=\"150\" height=\"150\" src=\"https:\/\/www.bonneteries.be\/wp-content\/uploads\/2016\/02\/Les-Bonneteries-061-150x150.jpg\" class=\"attachment-thumbnail size-thumbnail\" alt=\"\" decoding=\"async\" loading=\"lazy\" \/><\/a><\/div><div class=\"col-sm-3 col-lg-3\"><a class=\"thumbnail img-thumbnail rl-gallery-link\"  href='https:\/\/www.bonneteries.be\/wp-content\/uploads\/2014\/08\/feestzaal02.jpg' title=\"\" data-rl_title=\"\" data-rl_caption=\"\" data-rel=\"lightbox-gallery-1\"><img width=\"150\" height=\"150\" src=\"https:\/\/www.bonneteries.be\/wp-content\/uploads\/2014\/08\/feestzaal02-150x150.jpg\" class=\"attachment-thumbnail size-thumbnail\" alt=\"\" decoding=\"async\" loading=\"lazy\" \/><\/a><\/div><div class=\"col-sm-3 col-lg-3\"><a class=\"thumbnail img-thumbnail rl-gallery-link\"  href='https:\/\/www.bonneteries.be\/wp-content\/uploads\/2014\/09\/feest11.jpg' title=\"\" data-rl_title=\"\" data-rl_caption=\"\" data-rel=\"lightbox-gallery-1\"><img width=\"150\" height=\"150\" src=\"https:\/\/www.bonneteries.be\/wp-content\/uploads\/2014\/09\/feest11-150x150.jpg\" class=\"attachment-thumbnail size-thumbnail\" alt=\"\" decoding=\"async\" loading=\"lazy\" \/><\/a><\/div><div class=\"col-sm-3 col-lg-3\"><a class=\"thumbnail img-thumbnail rl-gallery-link\"  href='https:\/\/www.bonneteries.be\/wp-content\/uploads\/2016\/02\/Les-Bonneteries-057.jpg' title=\"\" data-rl_title=\"\" data-rl_caption=\"\" data-rel=\"lightbox-gallery-1\"><img width=\"150\" height=\"150\" src=\"https:\/\/www.bonneteries.be\/wp-content\/uploads\/2016\/02\/Les-Bonneteries-057-150x150.jpg\" class=\"attachment-thumbnail size-thumbnail\" alt=\"\" decoding=\"async\" loading=\"lazy\" \/><\/a><\/div><\/div><div class=\"row gallery-row\"><div class=\"col-sm-3 col-lg-3\"><a class=\"thumbnail img-thumbnail rl-gallery-link\"  href='https:\/\/www.bonneteries.be\/wp-content\/uploads\/2014\/08\/feestzaal08.jpg' title=\"\" data-rl_title=\"\" data-rl_caption=\"\" data-rel=\"lightbox-gallery-1\"><img width=\"150\" height=\"150\" src=\"https:\/\/www.bonneteries.be\/wp-content\/uploads\/2014\/08\/feestzaal08-150x150.jpg\" class=\"attachment-thumbnail size-thumbnail\" alt=\"\" decoding=\"async\" loading=\"lazy\" \/><\/a><\/div><div class=\"col-sm-3 col-lg-3\"><a class=\"thumbnail img-thumbnail rl-gallery-link\"  href='https:\/\/www.bonneteries.be\/wp-content\/uploads\/2014\/08\/feestzaal12.jpg' title=\"\" data-rl_title=\"\" data-rl_caption=\"\" data-rel=\"lightbox-gallery-1\"><img width=\"150\" height=\"150\" src=\"https:\/\/www.bonneteries.be\/wp-content\/uploads\/2014\/08\/feestzaal12-150x150.jpg\" class=\"attachment-thumbnail size-thumbnail\" alt=\"\" decoding=\"async\" loading=\"lazy\" \/><\/a><\/div><div class=\"col-sm-3 col-lg-3\"><a class=\"thumbnail img-thumbnail rl-gallery-link\"  href='https:\/\/www.bonneteries.be\/wp-content\/uploads\/2014\/08\/opening007.jpg' title=\"\" data-rl_title=\"\" data-rl_caption=\"\" data-rel=\"lightbox-gallery-1\"><img width=\"150\" height=\"150\" src=\"https:\/\/www.bonneteries.be\/wp-content\/uploads\/2014\/08\/opening007-150x150.jpg\" class=\"attachment-thumbnail size-thumbnail\" alt=\"\" decoding=\"async\" loading=\"lazy\" \/><\/a><\/div><div class=\"col-sm-3 col-lg-3\"><a class=\"thumbnail img-thumbnail rl-gallery-link\"  href='https:\/\/www.bonneteries.be\/wp-content\/uploads\/2014\/09\/opening031.jpg' title=\"\" data-rl_title=\"\" data-rl_caption=\"\" data-rel=\"lightbox-gallery-1\"><img width=\"150\" height=\"150\" src=\"https:\/\/www.bonneteries.be\/wp-content\/uploads\/2014\/09\/opening031-150x150.jpg\" class=\"attachment-thumbnail size-thumbnail\" alt=\"\" decoding=\"async\" loading=\"lazy\" \/><\/a><\/div><\/div><div class=\"row gallery-row\"><div class=\"col-sm-3 col-lg-3\"><a class=\"thumbnail img-thumbnail rl-gallery-link\"  href='https:\/\/www.bonneteries.be\/wp-content\/uploads\/2014\/08\/buitenkant09.jpg' title=\"\" data-rl_title=\"\" data-rl_caption=\"\" data-rel=\"lightbox-gallery-1\"><img width=\"150\" height=\"150\" src=\"https:\/\/www.bonneteries.be\/wp-content\/uploads\/2014\/08\/buitenkant09-150x150.jpg\" class=\"attachment-thumbnail size-thumbnail\" alt=\"\" decoding=\"async\" loading=\"lazy\" \/><\/a><\/div><div class=\"col-sm-3 col-lg-3\"><a class=\"thumbnail img-thumbnail rl-gallery-link\"  href='https:\/\/www.bonneteries.be\/wp-content\/uploads\/2014\/08\/activiteit01.jpg' title=\"\" data-rl_title=\"\" data-rl_caption=\"\" data-rel=\"lightbox-gallery-1\"><img width=\"150\" height=\"150\" src=\"https:\/\/www.bonneteries.be\/wp-content\/uploads\/2014\/08\/activiteit01-150x150.jpg\" class=\"attachment-thumbnail size-thumbnail\" alt=\"\" decoding=\"async\" loading=\"lazy\" \/><\/a><\/div><div class=\"col-sm-3 col-lg-3\"><a class=\"thumbnail img-thumbnail rl-gallery-link\"  href='https:\/\/www.bonneteries.be\/wp-content\/uploads\/2016\/02\/Les-Bonneteries-045.jpg' title=\"\" data-rl_title=\"\" data-rl_caption=\"\" data-rel=\"lightbox-gallery-1\"><img width=\"150\" height=\"150\" src=\"https:\/\/www.bonneteries.be\/wp-content\/uploads\/2016\/02\/Les-Bonneteries-045-150x150.jpg\" class=\"attachment-thumbnail size-thumbnail\" alt=\"\" decoding=\"async\" loading=\"lazy\" \/><\/a><\/div><div class=\"col-sm-3 col-lg-3\"><a class=\"thumbnail img-thumbnail rl-gallery-link\"  href='https:\/\/www.bonneteries.be\/wp-content\/uploads\/2014\/08\/feest02.jpg' title=\"\" data-rl_title=\"\" data-rl_caption=\"\" data-rel=\"lightbox-gallery-1\"><img width=\"150\" height=\"150\" src=\"https:\/\/www.bonneteries.be\/wp-content\/uploads\/2014\/08\/feest02-150x150.jpg\" class=\"attachment-thumbnail size-thumbnail\" alt=\"\" decoding=\"async\" loading=\"lazy\" \/><\/a><\/div><\/div><\/div>\n<p>La salle de r\u00e9ception dispose d\u2019un espace de 200m2, ce n\u2019est pas vraiment une d\u00e9pendance, mais une partie magnifiquement restaur\u00e9e dans les anciens bureaux de l&rsquo;ancienne usine textile. Lors d\u2019un s\u00e9jour au g\u00eete Les Bonneteries, vous pourrez b\u00e9n\u00e9ficier d\u2019une cuisine professionnelle et d\u2019une salle polyvalente.<\/p>\n<p>La salle de r\u00e9ception est parfaite pour une r\u00e9union, une pr\u00e9sentation d&rsquo;entreprise ou une journ\u00e9e Team Building ou tout simplement comme un bar avec un petit groupe apr\u00e8s le v\u00e9lo, la marche ou le d\u00eener.<\/p>\n<p>L&rsquo;annexe peut, selon les types d&rsquo;activit\u00e9, \u00eatre occup\u00e9e par max. 40 personnes.<\/p>\n<p>Nous ne pouvons pas acceuillir des marriages ou autre f\u00eates dansantes.<\/p>\n","protected":false},"excerpt":{"rendered":"<p>La salle de r\u00e9ception dispose d\u2019un espace de 200m2, ce n\u2019est pas vraiment une d\u00e9pendance, mais une partie magnifiquement restaur\u00e9e dans les anciens bureaux de l&rsquo;ancienne usine textile. Lors d\u2019un s\u00e9jour au g\u00eete Les Bonneteries, vous pourrez b\u00e9n\u00e9ficier d\u2019une cuisine professionnelle et d\u2019une salle polyvalente. La salle de r\u00e9ception est parfaite pour une r\u00e9union, une &hellip; <a href=\"https:\/\/www.bonneteries.be\/fr\/la-salle-de-reception\/\">Continued<\/a><\/p>\n","protected":false},"author":3,"featured_media":0,"parent":0,"menu_order":0,"comment_status":"closed","ping_status":"open","template":"","meta":[],"yoast_head":"<!-- This site is optimized with the Yoast SEO plugin v20.5 - https:\/\/yoast.com\/wordpress\/plugins\/seo\/ -->\n<title>La salle de r\u00e9ception - Les Bonneteries<\/title>\n<meta name=\"description\" content=\"Les Bonneteries offre une salle de r\u00e9ception magnifiquement restaur\u00e9e et se compose d&#039;un bar tr\u00e8s design, d&#039;une cuisine professionnelle et d&#039;une salle polyvalente\" \/>\n<meta name=\"robots\" content=\"index, follow, max-snippet:-1, max-image-preview:large, max-video-preview:-1\" \/>\n<link rel=\"canonical\" href=\"https:\/\/www.bonneteries.be\/fr\/la-salle-de-reception\/\" \/>\n<meta property=\"og:locale\" content=\"fr_FR\" \/>\n<meta property=\"og:type\" content=\"article\" \/>\n<meta property=\"og:title\" content=\"La salle de r\u00e9ception - Les Bonneteries\" \/>\n<meta property=\"og:description\" content=\"Les Bonneteries offre une salle de r\u00e9ception magnifiquement restaur\u00e9e et se compose d&#039;un bar tr\u00e8s design, d&#039;une cuisine professionnelle et d&#039;une salle polyvalente\" \/>\n<meta property=\"og:url\" content=\"https:\/\/www.bonneteries.be\/fr\/la-salle-de-reception\/\" \/>\n<meta property=\"og:site_name\" content=\"Les Bonneteries\" \/>\n<meta property=\"article:modified_time\" content=\"2016-03-07T13:29:00+00:00\" \/>\n<meta property=\"og:image\" content=\"https:\/\/www.bonneteries.be\/wp-content\/uploads\/2016\/02\/Les-Bonneteries-061-150x150.jpg\" \/>\n<meta name=\"twitter:label1\" content=\"Dur\u00e9e de lecture estim\u00e9e\" \/>\n\t<meta name=\"twitter:data1\" content=\"1 minute\" \/>\n<script type=\"application\/ld+json\" class=\"yoast-schema-graph\">{\"@context\":\"https:\/\/schema.org\",\"@graph\":[{\"@type\":\"WebPage\",\"@id\":\"https:\/\/www.bonneteries.be\/fr\/la-salle-de-reception\/\",\"url\":\"https:\/\/www.bonneteries.be\/fr\/la-salle-de-reception\/\",\"name\":\"La salle de r\u00e9ception - Les Bonneteries\",\"isPartOf\":{\"@id\":\"https:\/\/www.bonneteries.be\/nl\/#website\"},\"datePublished\":\"2014-08-21T12:40:45+00:00\",\"dateModified\":\"2016-03-07T13:29:00+00:00\",\"description\":\"Les Bonneteries offre une salle de r\u00e9ception magnifiquement restaur\u00e9e et se compose d'un bar tr\u00e8s design, d'une cuisine professionnelle et d'une salle polyvalente\",\"breadcrumb\":{\"@id\":\"https:\/\/www.bonneteries.be\/fr\/la-salle-de-reception\/#breadcrumb\"},\"inLanguage\":\"fr-FR\",\"potentialAction\":[{\"@type\":\"ReadAction\",\"target\":[\"https:\/\/www.bonneteries.be\/fr\/la-salle-de-reception\/\"]}]},{\"@type\":\"BreadcrumbList\",\"@id\":\"https:\/\/www.bonneteries.be\/fr\/la-salle-de-reception\/#breadcrumb\",\"itemListElement\":[{\"@type\":\"ListItem\",\"position\":1,\"name\":\"Home\",\"item\":\"https:\/\/www.bonneteries.be\/fr\/\"},{\"@type\":\"ListItem\",\"position\":2,\"name\":\"La salle de r\u00e9ception\"}]},{\"@type\":\"WebSite\",\"@id\":\"https:\/\/www.bonneteries.be\/nl\/#website\",\"url\":\"https:\/\/www.bonneteries.be\/nl\/\",\"name\":\"Les Bonneteries\",\"description\":\"\",\"potentialAction\":[{\"@type\":\"SearchAction\",\"target\":{\"@type\":\"EntryPoint\",\"urlTemplate\":\"https:\/\/www.bonneteries.be\/nl\/?s={search_term_string}\"},\"query-input\":\"required name=search_term_string\"}],\"inLanguage\":\"fr-FR\"}]}<\/script>\n<!-- \/ Yoast SEO plugin. -->","yoast_head_json":{"title":"La salle de r\u00e9ception - Les Bonneteries","description":"Les Bonneteries offre une salle de r\u00e9ception magnifiquement restaur\u00e9e et se compose d'un bar tr\u00e8s design, d'une cuisine professionnelle et d'une salle polyvalente","robots":{"index":"index","follow":"follow","max-snippet":"max-snippet:-1","max-image-preview":"max-image-preview:large","max-video-preview":"max-video-preview:-1"},"canonical":"https:\/\/www.bonneteries.be\/fr\/la-salle-de-reception\/","og_locale":"fr_FR","og_type":"article","og_title":"La salle de r\u00e9ception - Les Bonneteries","og_description":"Les Bonneteries offre une salle de r\u00e9ception magnifiquement restaur\u00e9e et se compose d'un bar tr\u00e8s design, d'une cuisine professionnelle et d'une salle polyvalente","og_url":"https:\/\/www.bonneteries.be\/fr\/la-salle-de-reception\/","og_site_name":"Les Bonneteries","article_modified_time":"2016-03-07T13:29:00+00:00","og_image":[{"url":"https:\/\/www.bonneteries.be\/wp-content\/uploads\/2016\/02\/Les-Bonneteries-061-150x150.jpg"}],"twitter_misc":{"Dur\u00e9e de lecture estim\u00e9e":"1 minute"},"schema":{"@context":"https:\/\/schema.org","@graph":[{"@type":"WebPage","@id":"https:\/\/www.bonneteries.be\/fr\/la-salle-de-reception\/","url":"https:\/\/www.bonneteries.be\/fr\/la-salle-de-reception\/","name":"La salle de r\u00e9ception - Les Bonneteries","isPartOf":{"@id":"https:\/\/www.bonneteries.be\/nl\/#website"},"datePublished":"2014-08-21T12:40:45+00:00","dateModified":"2016-03-07T13:29:00+00:00","description":"Les Bonneteries offre une salle de r\u00e9ception magnifiquement restaur\u00e9e et se compose d'un bar tr\u00e8s design, d'une cuisine professionnelle et d'une salle polyvalente","breadcrumb":{"@id":"https:\/\/www.bonneteries.be\/fr\/la-salle-de-reception\/#breadcrumb"},"inLanguage":"fr-FR","potentialAction":[{"@type":"ReadAction","target":["https:\/\/www.bonneteries.be\/fr\/la-salle-de-reception\/"]}]},{"@type":"BreadcrumbList","@id":"https:\/\/www.bonneteries.be\/fr\/la-salle-de-reception\/#breadcrumb","itemListElement":[{"@type":"ListItem","position":1,"name":"Home","item":"https:\/\/www.bonneteries.be\/fr\/"},{"@type":"ListItem","position":2,"name":"La salle de r\u00e9ception"}]},{"@type":"WebSite","@id":"https:\/\/www.bonneteries.be\/nl\/#website","url":"https:\/\/www.bonneteries.be\/nl\/","name":"Les Bonneteries","description":"","potentialAction":[{"@type":"SearchAction","target":{"@type":"EntryPoint","urlTemplate":"https:\/\/www.bonneteries.be\/nl\/?s={search_term_string}"},"query-input":"required name=search_term_string"}],"inLanguage":"fr-FR"}]}},"_links":{"self":[{"href":"https:\/\/www.bonneteries.be\/fr\/wp-json\/wp\/v2\/pages\/255"}],"collection":[{"href":"https:\/\/www.bonneteries.be\/fr\/wp-json\/wp\/v2\/pages"}],"about":[{"href":"https:\/\/www.bonneteries.be\/fr\/wp-json\/wp\/v2\/types\/page"}],"author":[{"embeddable":true,"href":"https:\/\/www.bonneteries.be\/fr\/wp-json\/wp\/v2\/users\/3"}],"replies":[{"embeddable":true,"href":"https:\/\/www.bonneteries.be\/fr\/wp-json\/wp\/v2\/comments?post=255"}],"version-history":[{"count":9,"href":"https:\/\/www.bonneteries.be\/fr\/wp-json\/wp\/v2\/pages\/255\/revisions"}],"predecessor-version":[{"id":743,"href":"https:\/\/www.bonneteries.be\/fr\/wp-json\/wp\/v2\/pages\/255\/revisions\/743"}],"wp:attachment":[{"href":"https:\/\/www.bonneteries.be\/fr\/wp-json\/wp\/v2\/media?parent=255"}],"curies":[{"name":"wp","href":"https:\/\/api.w.org\/{rel}","templated":true}]}}